{"id":35,"date":"2025-10-21T19:54:19","date_gmt":"2025-10-21T17:54:19","guid":{"rendered":"https:\/\/lux-holsatiae.de\/?page_id=35"},"modified":"2025-10-21T23:23:08","modified_gmt":"2025-10-21T21:23:08","slug":"impressum","status":"publish","type":"page","link":"https:\/\/lux-holsatiae.de\/?page_id=35","title":{"rendered":"Impressum"},"content":{"rendered":"\n<p><strong>Johannisfreimaurerloge<br>Lux Holsatiae e. V.<\/strong><br>Am Markt 4<br>24568 Kaltenkirchen<br>Deutschland<\/p>\n\n\n\n<p>Vertreten durch:<br><strong>Bernd Schwarzlose<\/strong>\u00a0\u2013 Meister vom Stuhl (Vereinsvorsitzender)<\/p>\n\n\n\n<p>Kontakt: info at lux-holsatiae.de<\/p>\n\n\n\n<h2 class=\"wp-block-heading\">Verantwortlich nach \u00a7 18 Abs. 2 MStV<\/h2>\n\n\n\n<p>Bernd Schwarzlose, Am Markt 4, 24568 Kaltenkirchen<\/p>\n\n\n\n<h2 class=\"wp-block-heading\">Hinweis zum Barrierefreiheits\u00adst\u00e4rkungsgesetz (BFSG)<\/h2>\n\n\n\n<p>Die\u00a0<strong>Johannisfreimaurerloge Lux Holsatiae e. V.<\/strong>\u00a0ist ein gemeinn\u00fctziger Verein und betreibt diese Website ausschlie\u00dflich zu ideellen Zwecken im Rahmen der Vereinsarbeit. Nach aktueller Rechtslage f\u00e4llt unsere Internetpr\u00e4senz nicht in den Anwendungsbereich des\u00a0<a href=\"https:\/\/www.gesetze-im-internet.de\/bfsg\/\" target=\"_blank\" rel=\"noreferrer noopener\">Barrierefreiheitsst\u00e4rkungsgesetzes (BFSG)<\/a>.<\/p>\n\n\n\n<p>Ungeachtet dessen legen wir gro\u00dfen Wert auf einen respektvollen und diskriminierungsfreien Umgang mit allen Menschen. Wir bem\u00fchen uns, unsere Inhalte so zug\u00e4nglich wie m\u00f6glich zu gestalten und Barrieren kontinuierlich zu reduzieren, damit auch Menschen mit Einschr\u00e4nkungen unsere Angebote nutzen k\u00f6nnen.<\/p>\n\n\n\n<p>Sollten Sie dennoch auf Barrieren sto\u00dfen oder Verbesserungsvorschl\u00e4ge haben, freuen wir uns \u00fcber Ihren Hinweis an info at brueckenbauer.hamburg.<\/p>\n\n\n\n<h2 class=\"wp-block-heading\">Haftung f\u00fcr Inhalte<\/h2>\n\n\n\n<p>Als Diensteanbieter sind wir gem\u00e4\u00df \u00a7 7 Abs. 1 TMG f\u00fcr eigene Inhalte auf diesen Seiten nach den allgemeinen Gesetzen verantwortlich. Nach \u00a7\u00a7 8 bis 10 TMG sind wir als Diensteanbieter jedoch nicht verpflichtet, \u00fcbermittelte oder gespeicherte fremde Informationen zu \u00fcberwachen oder nach Umst\u00e4nden zu forschen, die auf eine rechtswidrige T\u00e4tigkeit hinweisen. Verpflichtungen zur Entfernung oder Sperrung der Nutzung von Informationen nach den allgemeinen Gesetzen bleiben hiervon unber\u00fchrt. Eine diesbez\u00fcgliche Haftung ist jedoch erst ab dem Zeitpunkt der Kenntnis einer konkreten Rechtsverletzung m\u00f6glich. Bei Bekanntwerden von entsprechenden Rechtsverletzungen werden wir diese Inhalte umgehend entfernen.<\/p>\n\n\n\n<h2 class=\"wp-block-heading\">Haftung f\u00fcr Links<\/h2>\n\n\n\n<p>Unser Angebot enth\u00e4lt Links zu externen Websites Dritter, auf deren Inhalte wir keinen Einfluss haben. Deshalb k\u00f6nnen wir f\u00fcr diese fremden Inhalte auch keine Gew\u00e4hr \u00fcbernehmen. F\u00fcr die Inhalte der verlinkten Seiten ist stets der jeweilige Anbieter oder Betreiber der Seiten verantwortlich. Rechtswidrige Inhalte waren zum Zeitpunkt der Verlinkung nicht erkennbar. Eine permanente inhaltliche Kontrolle der verlinkten Seiten ist jedoch ohne konkrete Anhaltspunkte einer Rechtsverletzung nicht zumutbar. Bei Bekanntwerden von Rechtsverletzungen werden wir derartige Links umgehend entfernen.<\/p>\n\n\n\n<h2 class=\"wp-block-heading\">Urheberrecht<\/h2>\n\n\n\n<p>Die durch die Seitenbetreiber erstellten Inhalte und Werke auf diesen Seiten unterliegen dem deutschen Urheberrecht. Die Vervielf\u00e4ltigung, Bearbeitung, Verbreitung und jede Art der Verwertung au\u00dferhalb der Grenzen des Urheberrechtes bed\u00fcrfen der schriftlichen Zustimmung des jeweiligen Autors bzw. Erstellers. Downloads und Kopien dieser Seite sind nur f\u00fcr den privaten, nicht kommerziellen Gebrauch gestattet, sofern nicht anders angegeben. Soweit die Inhalte auf dieser Seite nicht vom Betreiber erstellt wurden, werden die Urheberrechte Dritter beachtet.<\/p>\n\n\n\n<p><small>Stand: 21.10.2025<\/small><\/p>\n","protected":false},"excerpt":{"rendered":"<p>JohannisfreimaurerlogeLux Holsatiae e. V.Am Markt 424568 KaltenkirchenDeutschland Vertreten durch:Bernd Schwarzlose\u00a0\u2013 Meister vom Stuhl (Vereinsvorsitzender) Kontakt: info at lux-holsatiae.de Verantwortlich nach \u00a7 18 Abs. 2 MStV Bernd Schwarzlose, Am Markt 4, 24568 Kaltenkirchen Hinweis zum Barrierefreiheits\u00adst\u00e4rkungsgesetz (BFSG) Die\u00a0Johannisfreimaurerloge Lux Holsatiae e. V.\u00a0ist ein gemeinn\u00fctziger Verein und betreibt diese Website ausschlie\u00dflich zu ideellen Zwecken im Rahmen der [&hellip;]<\/p>\n","protected":false},"author":1,"featured_media":0,"parent":0,"menu_order":0,"comment_status":"closed","ping_status":"closed","template":"","meta":{"ocean_post_layout":"full-width","ocean_both_sidebars_style":"","ocean_both_sidebars_content_width":0,"ocean_both_sidebars_sidebars_width":0,"ocean_sidebar":"","ocean_second_sidebar":"","ocean_disable_margins":"enable","ocean_add_body_class":"","ocean_shortcode_before_top_bar":"","ocean_shortcode_after_top_bar":"","ocean_shortcode_before_header":"","ocean_shortcode_after_header":"","ocean_has_shortcode":"","ocean_shortcode_after_title":"","ocean_shortcode_before_footer_widgets":"","ocean_shortcode_after_footer_widgets":"","ocean_shortcode_before_footer_bottom":"","ocean_shortcode_after_footer_bottom":"","ocean_display_top_bar":"off","ocean_display_header":"off","ocean_header_style":"","ocean_center_header_left_menu":"","ocean_custom_header_template":"","ocean_custom_logo":0,"ocean_custom_retina_logo":0,"ocean_custom_logo_max_width":0,"ocean_custom_logo_tablet_max_width":0,"ocean_custom_logo_mobile_max_width":0,"ocean_custom_logo_max_height":0,"ocean_custom_logo_tablet_max_height":0,"ocean_custom_logo_mobile_max_height":0,"ocean_header_custom_menu":"","ocean_menu_typo_font_family":"","ocean_menu_typo_font_subset":"","ocean_menu_typo_font_size":0,"ocean_menu_typo_font_size_tablet":0,"ocean_menu_typo_font_size_mobile":0,"ocean_menu_typo_font_size_unit":"px","ocean_menu_typo_font_weight":"","ocean_menu_typo_font_weight_tablet":"","ocean_menu_typo_font_weight_mobile":"","ocean_menu_typo_transform":"","ocean_menu_typo_transform_tablet":"","ocean_menu_typo_transform_mobile":"","ocean_menu_typo_line_height":0,"ocean_menu_typo_line_height_tablet":0,"ocean_menu_typo_line_height_mobile":0,"ocean_menu_typo_line_height_unit":"","ocean_menu_typo_spacing":0,"ocean_menu_typo_spacing_tablet":0,"ocean_menu_typo_spacing_mobile":0,"ocean_menu_typo_spacing_unit":"","ocean_menu_link_color":"","ocean_menu_link_color_hover":"","ocean_menu_link_color_active":"","ocean_menu_link_background":"","ocean_menu_link_hover_background":"","ocean_menu_link_active_background":"","ocean_menu_social_links_bg":"","ocean_menu_social_hover_links_bg":"","ocean_menu_social_links_color":"","ocean_menu_social_hover_links_color":"","ocean_disable_title":"on","ocean_disable_heading":"on","ocean_post_title":"","ocean_post_subheading":"","ocean_post_title_style":"","ocean_post_title_background_color":"","ocean_post_title_background":0,"ocean_post_title_bg_image_position":"","ocean_post_title_bg_image_attachment":"","ocean_post_title_bg_image_repeat":"","ocean_post_title_bg_image_size":"","ocean_post_title_height":0,"ocean_post_title_bg_overlay":0.5,"ocean_post_title_bg_overlay_color":"","ocean_disable_breadcrumbs":"off","ocean_breadcrumbs_color":"","ocean_breadcrumbs_separator_color":"","ocean_breadcrumbs_links_color":"","ocean_breadcrumbs_links_hover_color":"","ocean_display_footer_widgets":"off","ocean_display_footer_bottom":"off","ocean_custom_footer_template":"","footnotes":""},"class_list":["post-35","page","type-page","status-publish","hentry","entry"],"_links":{"self":[{"href":"https:\/\/lux-holsatiae.de\/index.php?rest_route=\/wp\/v2\/pages\/35","targetHints":{"allow":["GET"]}}],"collection":[{"href":"https:\/\/lux-holsatiae.de\/index.php?rest_route=\/wp\/v2\/pages"}],"about":[{"href":"https:\/\/lux-holsatiae.de\/index.php?rest_route=\/wp\/v2\/types\/page"}],"author":[{"embeddable":true,"href":"https:\/\/lux-holsatiae.de\/index.php?rest_route=\/wp\/v2\/users\/1"}],"replies":[{"embeddable":true,"href":"https:\/\/lux-holsatiae.de\/index.php?rest_route=%2Fwp%2Fv2%2Fcomments&post=35"}],"version-history":[{"count":2,"href":"https:\/\/lux-holsatiae.de\/index.php?rest_route=\/wp\/v2\/pages\/35\/revisions"}],"predecessor-version":[{"id":123,"href":"https:\/\/lux-holsatiae.de\/index.php?rest_route=\/wp\/v2\/pages\/35\/revisions\/123"}],"wp:attachment":[{"href":"https:\/\/lux-holsatiae.de\/index.php?rest_route=%2Fwp%2Fv2%2Fmedia&parent=35"}],"curies":[{"name":"wp","href":"https:\/\/api.w.org\/{rel}","templated":true}]}}