{"id":5,"date":"2025-10-21T15:06:45","date_gmt":"2025-10-21T13:06:45","guid":{"rendered":"https:\/\/lux-holsatiae.de\/?page_id=5"},"modified":"2025-11-08T21:39:12","modified_gmt":"2025-11-08T20:39:12","slug":"startseite","status":"publish","type":"page","link":"https:\/\/lux-holsatiae.de\/","title":{"rendered":"Startseite"},"content":{"rendered":"\n<div id=\"hero\" class=\"wp-block-group\"><div class=\"wp-block-group__inner-container is-layout-constrained wp-block-group-is-layout-constrained\">\n<figure class=\"wp-block-image size-full\"><img loading=\"lazy\" decoding=\"async\" width=\"895\" height=\"146\" src=\"https:\/\/lux-holsatiae.de\/wp-content\/uploads\/2025\/10\/Lux-Schrift-Photoroom-02-Photoroom-Kopie.png\" alt=\"\" class=\"wp-image-249\" srcset=\"https:\/\/lux-holsatiae.de\/wp-content\/uploads\/2025\/10\/Lux-Schrift-Photoroom-02-Photoroom-Kopie.png 895w, https:\/\/lux-holsatiae.de\/wp-content\/uploads\/2025\/10\/Lux-Schrift-Photoroom-02-Photoroom-Kopie-300x49.png 300w, https:\/\/lux-holsatiae.de\/wp-content\/uploads\/2025\/10\/Lux-Schrift-Photoroom-02-Photoroom-Kopie-768x125.png 768w\" sizes=\"auto, (max-width: 895px) 100vw, 895px\" \/><\/figure>\n\n\n\n<div class=\"wp-block-cover aligncenter\"><img loading=\"lazy\" decoding=\"async\" width=\"1024\" height=\"682\" class=\"wp-block-cover__image-background wp-image-213 size-large\" alt=\"\" src=\"https:\/\/lux-holsatiae.de\/wp-content\/uploads\/2025\/10\/light-5083606_1920-1-1024x682.jpeg\" data-object-fit=\"cover\" srcset=\"https:\/\/lux-holsatiae.de\/wp-content\/uploads\/2025\/10\/light-5083606_1920-1-1024x682.jpeg 1024w, https:\/\/lux-holsatiae.de\/wp-content\/uploads\/2025\/10\/light-5083606_1920-1-300x200.jpeg 300w, https:\/\/lux-holsatiae.de\/wp-content\/uploads\/2025\/10\/light-5083606_1920-1-768x512.jpeg 768w, https:\/\/lux-holsatiae.de\/wp-content\/uploads\/2025\/10\/light-5083606_1920-1-1536x1023.jpeg 1536w, https:\/\/lux-holsatiae.de\/wp-content\/uploads\/2025\/10\/light-5083606_1920-1.jpeg 1920w\" sizes=\"auto, (max-width: 1024px) 100vw, 1024px\" \/><span aria-hidden=\"true\" class=\"wp-block-cover__background has-black-background-color has-background-dim\"><\/span><div class=\"wp-block-cover__inner-container is-layout-constrained wp-block-cover-is-layout-constrained\">\n<div style=\"height:200px\" aria-hidden=\"true\" class=\"wp-block-spacer\"><\/div>\n\n\n\n<p class=\"has-text-align-center has-text-color has-link-color has-medium-font-size wp-elements-6d88ae5dec8a61c715545879f40dcf20\" style=\"color:#e8d6a7\"><strong>Eine junge Loge.<br>Eine alte Geschichte.<br>Und ein Weg, den Sie vielleicht<br>mit uns gehen m\u00f6chten.<\/strong><\/p>\n<\/div><\/div>\n\n\n\n<div style=\"height:40px\" aria-hidden=\"true\" class=\"wp-block-spacer\"><\/div>\n\n\n\n<div class=\"wp-block-buttons is-content-justification-center is-layout-flex wp-container-core-buttons-is-layout-16018d1d wp-block-buttons-is-layout-flex\">\n<div class=\"wp-block-button\"><a class=\"wp-block-button__link wp-element-button\" href=\"https:\/\/lux-holsatiae.de\/?page_id=266\" target=\"_blank\" rel=\"noreferrer noopener nofollow\">Kontakt aufnehmen<\/a><\/div>\n<\/div>\n<\/div><\/div>\n\n\n\n<div class=\"wp-block-group full-screen\"><div class=\"wp-block-group__inner-container is-layout-constrained wp-block-group-is-layout-constrained\">\n<div id=\"definition\" class=\"wp-block-group full-screen has-text-color has-link-color has-medium-font-size wp-elements-a42b27884d9412ff4f1737baf5d56df4\" style=\"color:#f8f4e3\"><div class=\"wp-block-group__inner-container is-layout-constrained wp-block-group-is-layout-constrained\">\n<p class=\"has-text-align-center full-screen has-medium-font-size\">Freimaurerei bedeutet Austausch, Br\u00fcderlichkeit und die Suche nach innerem Wachstum.<br><br>Unsere Loge in Kaltenkirchen bietet den Raum f\u00fcr Begegnungen und Gespr\u00e4che, die \u00fcber den Alltag hinausweisen.<br> <br>Wer bereit ist, Fragen zu stellen und Antworten zu suchen, findet hier einen besonderen Ort.<\/p>\n<\/div><\/div>\n<\/div><\/div>\n\n\n\n<div id=\"loge\" class=\"wp-block-group full-screen has-text-color has-link-color wp-elements-2599197aacdb3ba166d172825aa04f0f\" style=\"color:#f8f4e3\"><div class=\"wp-block-group__inner-container is-layout-constrained wp-block-group-is-layout-constrained\">\n<h2 class=\"wp-block-heading has-text-align-center has-large-font-size\"><strong>LUX HOLSATIAE<\/strong><br><strong>Licht von Holstein<\/strong><\/h2>\n\n\n\n<p class=\"has-text-align-center has-medium-font-size\">Unsere Loge wurde im Jahr 2022 gegr\u00fcndet. <br><br>Ihr Name steht f\u00fcr die Suche nach Wahrheit und dem Streben nach Erkenntnis. <br><br>Auch wenn wir zu den j\u00fcngeren Logen in Deutschland geh\u00f6ren, stehen wir doch in einer jahrhundertealten Tradition. <br><br>Was in den Dombauh\u00fctten des Mittelalters seinen Anfang nahm, ist in unseren Ritualen bis heute erhalten geblieben.<\/p>\n<\/div><\/div>\n\n\n\n<div id=\"werte\" class=\"wp-block-group full-screen\"><div class=\"wp-block-group__inner-container is-layout-constrained wp-block-group-is-layout-constrained\">\n<h2 class=\"wp-block-heading has-text-align-center has-large-font-size\"><strong>Unsere Werte<\/strong><\/h2>\n\n\n\n<div style=\"height:10px\" aria-hidden=\"true\" class=\"wp-block-spacer\"><\/div>\n\n\n\n<p class=\"has-text-align-center has-medium-font-size\">Freiheit, Gleichheit, Br\u00fcderlichkeit, Toleranz und Humanit\u00e4t sind Werte, die wir als besonders erstrebenswert ansehen. Sie zu kultivieren sehen wir als unser hohes Ziel.<br><br>Was dies im Einzelnen bedeutet, erschlie\u00dft sich nicht allein durch Worte. Es zeigt sich im Gespr\u00e4ch, in den Begegnungen mit den Menschen um uns und in der Arbeit an uns.<\/p>\n\n\n\n<div style=\"height:35px\" aria-hidden=\"true\" class=\"wp-block-spacer\"><\/div>\n\n\n<div class=\"wp-block-image\">\n<figure class=\"aligncenter size-full is-resized\"><img loading=\"lazy\" decoding=\"async\" width=\"640\" height=\"537\" src=\"https:\/\/lux-holsatiae.de\/wp-content\/uploads\/2025\/11\/Winkelmass_Zirkel.png\" alt=\"\" class=\"wp-image-312\" style=\"width:64px;height:auto\" srcset=\"https:\/\/lux-holsatiae.de\/wp-content\/uploads\/2025\/11\/Winkelmass_Zirkel.png 640w, https:\/\/lux-holsatiae.de\/wp-content\/uploads\/2025\/11\/Winkelmass_Zirkel-300x252.png 300w\" sizes=\"auto, (max-width: 640px) 100vw, 640px\" \/><\/figure>\n<\/div><\/div><\/div>\n\n\n\n<div id=\"kennenlernen\" class=\"wp-block-group full-screen\"><div class=\"wp-block-group__inner-container is-layout-constrained wp-block-group-is-layout-constrained\">\n<h2 class=\"wp-block-heading has-text-align-center has-large-font-size\"><strong>So lernen Sie uns kennen<\/strong><\/h2>\n\n\n\n<p class=\"has-text-align-center has-medium-font-size\">Freimaurerei l\u00e4sst sich nicht allein durch B\u00fccher oder Webseiten begreifen. Sie erschlie\u00dft sich nur durch das pers\u00f6nliche Erleben.<br><br>Wer ernsthaft sucht, nimmt Kontakt zu uns auf und findet Schritt f\u00fcr Schritt f\u00fcr sich heraus, ob dieser Weg zu ihm passt.<br><br>Zu Beginn steht immer ein pers\u00f6nliches Gespr\u00e4ch. Nicht im Logenhaus, sondern an einem neutralen Ort. Im Anschluss, \u00fcbersenden wir Ihnen eine Einladung zu unserem G\u00e4steabend.<br><br>Dort haben Sie die Gelegenheit Eindr\u00fccke zu sammeln, Fragen zu stellen und Br\u00fcder kennenzulernen.<\/p>\n\n\n\n<div style=\"height:30px\" aria-hidden=\"true\" class=\"wp-block-spacer\"><\/div>\n\n\n\n<div class=\"wp-block-buttons is-content-justification-center is-layout-flex wp-container-core-buttons-is-layout-16018d1d wp-block-buttons-is-layout-flex\">\n<div class=\"wp-block-button\"><a class=\"wp-block-button__link has-text-align-center wp-element-button\" href=\"https:\/\/lux-holsatiae.de\/?page_id=266\" target=\"_blank\" rel=\"noreferrer noopener nofollow\">G\u00e4steabend anfragen<\/a><\/div>\n<\/div>\n<\/div><\/div>\n\n\n\n<div id=\"erster-schritt\" class=\"wp-block-group full-screen\"><div class=\"wp-block-group__inner-container is-layout-constrained wp-block-group-is-layout-constrained\">\n<h2 class=\"wp-block-heading has-text-align-center has-large-font-size\"><strong>Ein erster Schritt zu uns<\/strong><\/h2>\n\n\n\n<p class=\"has-text-align-center has-medium-font-size\">So mancher Weg beginnt mit einer einfachen Nachricht.<br><br>Wenn Sie uns kennenlernen m\u00f6chten &#8211; als Interessierter, als Suchender oder als Bruder auf Reisen &#8211; nehmen Sie gerne Kontakt mit uns auf.<\/p>\n\n\n\n<div style=\"height:30px\" aria-hidden=\"true\" class=\"wp-block-spacer\"><\/div>\n\n\n\n<div class=\"wp-block-buttons is-content-justification-center is-layout-flex wp-container-core-buttons-is-layout-16018d1d wp-block-buttons-is-layout-flex\">\n<div class=\"wp-block-button\"><a class=\"wp-block-button__link has-text-align-center wp-element-button\" href=\"https:\/\/lux-holsatiae.de\/?page_id=266\" target=\"_blank\" rel=\"noreferrer noopener nofollow\">Kontakt aufnehmen<\/a><\/div>\n<\/div>\n\n\n\n<div style=\"height:40px\" aria-hidden=\"true\" class=\"wp-block-spacer\"><\/div>\n\n\n\n<p class=\"has-medium-font-size\">So finden Sie uns:<br>Logenhaus<br>Am Markt 4<br>(im Hinterhaus)<br>24568 Kaltenkirchen<\/p>\n\n\n\n<div style=\"height:50px\" aria-hidden=\"true\" class=\"wp-block-spacer\"><\/div>\n\n\n\n<p class=\"has-medium-font-size\">So erreichen Sie uns:<br>sekretaer@lux-holsatiae.de<\/p>\n<\/div><\/div>\n\n\n\n<div style=\"height:50px\" aria-hidden=\"true\" class=\"wp-block-spacer\"><\/div>\n\n\n\n<figure class=\"wp-block-image size-full is-resized\"><img loading=\"lazy\" decoding=\"async\" width=\"743\" height=\"474\" src=\"https:\/\/lux-holsatiae.de\/wp-content\/uploads\/2025\/10\/BF673E2A-E349-44C7-ADF6-6F804E4CF512.jpeg\" alt=\"\" class=\"wp-image-20\" style=\"width:840px;height:auto\" srcset=\"https:\/\/lux-holsatiae.de\/wp-content\/uploads\/2025\/10\/BF673E2A-E349-44C7-ADF6-6F804E4CF512.jpeg 743w, https:\/\/lux-holsatiae.de\/wp-content\/uploads\/2025\/10\/BF673E2A-E349-44C7-ADF6-6F804E4CF512-300x191.jpeg 300w\" sizes=\"auto, (max-width: 743px) 100vw, 743px\" \/><\/figure>\n","protected":false},"excerpt":{"rendered":"<p>Freimaurerei bedeutet Austausch, Br\u00fcderlichkeit und die Suche nach innerem Wachstum. Unsere Loge in Kaltenkirchen bietet den Raum f\u00fcr Begegnungen und Gespr\u00e4che, die \u00fcber den Alltag hinausweisen. Wer bereit ist, Fragen zu stellen und Antworten zu suchen, findet hier einen besonderen Ort. LUX HOLSATIAELicht von Holstein Unsere Loge wurde im Jahr 2022 gegr\u00fcndet. Ihr Name steht [&hellip;]<\/p>\n","protected":false},"author":1,"featured_media":0,"parent":0,"menu_order":0,"comment_status":"closed","ping_status":"closed","template":"","meta":{"ocean_post_layout":"full-width","ocean_both_sidebars_style":"","ocean_both_sidebars_content_width":0,"ocean_both_sidebars_sidebars_width":0,"ocean_sidebar":"","ocean_second_sidebar":"","ocean_disable_margins":"enable","ocean_add_body_class":"","ocean_shortcode_before_top_bar":"","ocean_shortcode_after_top_bar":"","ocean_shortcode_before_header":"","ocean_shortcode_after_header":"","ocean_has_shortcode":"","ocean_shortcode_after_title":"","ocean_shortcode_before_footer_widgets":"","ocean_shortcode_after_footer_widgets":"","ocean_shortcode_before_footer_bottom":"","ocean_shortcode_after_footer_bottom":"","ocean_display_top_bar":"off","ocean_display_header":"off","ocean_header_style":"vertical","ocean_center_header_left_menu":"","ocean_custom_header_template":"","ocean_custom_logo":0,"ocean_custom_retina_logo":0,"ocean_custom_logo_max_width":100,"ocean_custom_logo_tablet_max_width":0,"ocean_custom_logo_mobile_max_width":0,"ocean_custom_logo_max_height":100,"ocean_custom_logo_tablet_max_height":0,"ocean_custom_logo_mobile_max_height":0,"ocean_header_custom_menu":"","ocean_menu_typo_font_family":"Tahoma, Geneva, sans-serif","ocean_menu_typo_font_subset":"","ocean_menu_typo_font_size":0,"ocean_menu_typo_font_size_tablet":0,"ocean_menu_typo_font_size_mobile":0,"ocean_menu_typo_font_size_unit":"px","ocean_menu_typo_font_weight":"","ocean_menu_typo_font_weight_tablet":"","ocean_menu_typo_font_weight_mobile":"","ocean_menu_typo_transform":"","ocean_menu_typo_transform_tablet":"","ocean_menu_typo_transform_mobile":"","ocean_menu_typo_line_height":0,"ocean_menu_typo_line_height_tablet":0,"ocean_menu_typo_line_height_mobile":0,"ocean_menu_typo_line_height_unit":"","ocean_menu_typo_spacing":0,"ocean_menu_typo_spacing_tablet":0,"ocean_menu_typo_spacing_mobile":0,"ocean_menu_typo_spacing_unit":"","ocean_menu_link_color":"","ocean_menu_link_color_hover":"","ocean_menu_link_color_active":"","ocean_menu_link_background":"","ocean_menu_link_hover_background":"","ocean_menu_link_active_background":"","ocean_menu_social_links_bg":"","ocean_menu_social_hover_links_bg":"","ocean_menu_social_links_color":"","ocean_menu_social_hover_links_color":"","ocean_disable_title":"on","ocean_disable_heading":"on","ocean_post_title":"LUX HOLSATIAE","ocean_post_subheading":"","ocean_post_title_style":"background-image","ocean_post_title_background_color":"","ocean_post_title_background":0,"ocean_post_title_bg_image_position":"","ocean_post_title_bg_image_attachment":"","ocean_post_title_bg_image_repeat":"","ocean_post_title_bg_image_size":"","ocean_post_title_height":20,"ocean_post_title_bg_overlay":0.5,"ocean_post_title_bg_overlay_color":"","ocean_disable_breadcrumbs":"off","ocean_breadcrumbs_color":"","ocean_breadcrumbs_separator_color":"","ocean_breadcrumbs_links_color":"","ocean_breadcrumbs_links_hover_color":"","ocean_display_footer_widgets":"on","ocean_display_footer_bottom":"on","ocean_custom_footer_template":"","footnotes":""},"class_list":["post-5","page","type-page","status-publish","hentry","entry"],"_links":{"self":[{"href":"https:\/\/lux-holsatiae.de\/index.php?rest_route=\/wp\/v2\/pages\/5","targetHints":{"allow":["GET"]}}],"collection":[{"href":"https:\/\/lux-holsatiae.de\/index.php?rest_route=\/wp\/v2\/pages"}],"about":[{"href":"https:\/\/lux-holsatiae.de\/index.php?rest_route=\/wp\/v2\/types\/page"}],"author":[{"embeddable":true,"href":"https:\/\/lux-holsatiae.de\/index.php?rest_route=\/wp\/v2\/users\/1"}],"replies":[{"embeddable":true,"href":"https:\/\/lux-holsatiae.de\/index.php?rest_route=%2Fwp%2Fv2%2Fcomments&post=5"}],"version-history":[{"count":131,"href":"https:\/\/lux-holsatiae.de\/index.php?rest_route=\/wp\/v2\/pages\/5\/revisions"}],"predecessor-version":[{"id":318,"href":"https:\/\/lux-holsatiae.de\/index.php?rest_route=\/wp\/v2\/pages\/5\/revisions\/318"}],"wp:attachment":[{"href":"https:\/\/lux-holsatiae.de\/index.php?rest_route=%2Fwp%2Fv2%2Fmedia&parent=5"}],"curies":[{"name":"wp","href":"https:\/\/api.w.org\/{rel}","templated":true}]}}